{"id":584,"date":"2025-02-07T11:18:24","date_gmt":"2025-02-07T10:18:24","guid":{"rendered":"https:\/\/meogroup.lu\/mentions-legales\/"},"modified":"2026-04-17T16:03:22","modified_gmt":"2026-04-17T14:03:22","slug":"mentions-legales","status":"publish","type":"page","link":"https:\/\/meogroup.lu\/fr\/mentions-legales\/","title":{"rendered":"Mentions l\u00e9gales"},"content":{"rendered":"\t\t<div data-elementor-type=\"wp-page\" data-elementor-id=\"584\" class=\"elementor elementor-584 elementor-387\" data-elementor-post-type=\"page\">\n\t\t\t\t<div class=\"elementor-element elementor-element-1d91ed1 e-flex e-con-boxed e-con e-parent\" data-id=\"1d91ed1\" data-element_type=\"container\" data-e-type=\"container\" data-settings=\"{&quot;background_background&quot;:&quot;classic&quot;}\">\n\t\t\t\t\t<div class=\"e-con-inner\">\n\t\t\t\t<div class=\"elementor-element elementor-element-26ad4a5 elementor-widget elementor-widget-heading\" data-id=\"26ad4a5\" data-element_type=\"widget\" data-e-type=\"widget\" data-widget_type=\"heading.default\">\n\t\t\t\t<div class=\"elementor-widget-container\">\n\t\t\t\t\t<h1 class=\"elementor-heading-title elementor-size-default\">Mentions l\u00e9gales<\/h1>\t\t\t\t<\/div>\n\t\t\t\t<\/div>\n\t\t\t\t\t<\/div>\n\t\t\t\t<\/div>\n\t\t<div class=\"elementor-element elementor-element-ae204f3 e-flex e-con-boxed e-con e-parent\" data-id=\"ae204f3\" data-element_type=\"container\" data-e-type=\"container\" data-settings=\"{&quot;background_background&quot;:&quot;classic&quot;}\">\n\t\t\t\t\t<div class=\"e-con-inner\">\n\t\t\t\t<div class=\"elementor-element elementor-element-8c2eecf elementor-widget elementor-widget-text-editor\" data-id=\"8c2eecf\" data-element_type=\"widget\" data-e-type=\"widget\" data-widget_type=\"text-editor.default\">\n\t\t\t\t<div class=\"elementor-widget-container\">\n\t\t\t\t\t\t\t\t\t<p>Le pr\u00e9sent document constitue les conditions g\u00e9n\u00e9rales d\u2019utilisation du site accessible \u00e0 l\u2019adresse \u00ab <a href=\"https:\/\/meogroup.lu\/fr\/\">https:\/\/meogroup.lu<\/a> \u00bb (ci-apr\u00e8s d\u00e9nomm\u00e9 le site).<\/p>\n<p>Notre site a \u00e9t\u00e9 r\u00e9alis\u00e9 et \u00e9dit\u00e9 par <a href=\"https:\/\/gooplus.fr\/\">GooPlus<\/a>.<\/p>\n<p>En acc\u00e9dant ou en utilisant notre site, l\u2019Utilisateur est r\u00e9put\u00e9 accepter ces conditions g\u00e9n\u00e9rales et nous nous r\u00e9servons le droit de refuser l\u2019acc\u00e8s \u00e0 tout ou partie du site \u00e0 tout utilisateur qui ne les respecterait pas.<\/p>\n\t\t\t\t\t\t\t\t<\/div>\n\t\t\t\t<\/div>\n\t\t\t\t<div class=\"elementor-element elementor-element-805d0cf elementor-widget elementor-widget-heading\" data-id=\"805d0cf\" data-element_type=\"widget\" data-e-type=\"widget\" data-widget_type=\"heading.default\">\n\t\t\t\t<div class=\"elementor-widget-container\">\n\t\t\t\t\t<h2 class=\"elementor-heading-title elementor-size-default\">Pr\u00e9sentation de Meogroup Luxembourg<\/h2>\t\t\t\t<\/div>\n\t\t\t\t<\/div>\n\t\t\t\t<div class=\"elementor-element elementor-element-ceb5f6d elementor-widget elementor-widget-text-editor\" data-id=\"ceb5f6d\" data-element_type=\"widget\" data-e-type=\"widget\" data-widget_type=\"text-editor.default\">\n\t\t\t\t<div class=\"elementor-widget-container\">\n\t\t\t\t\t\t\t\t\t<p>Forme juridique : Soci\u00e9t\u00e9 par Actions Simplifi\u00e9es<br \/>Capital Social : 15 761 045 euros<br \/>RCS : 837 564 582 (Nanterre)<br \/>N\u00b0 TVA intracommunautaire : FR35837564582<br \/>Si\u00e8ge social : Immeuble ILEO \u2013 27\/33 Quai Alphonse LE GALLO \u2013 92100 Boulogne-Billancourt<br \/>Repr\u00e9sentant l\u00e9gal : Monsieur Richard CARON (Pr\u00e9sident)<br \/>Directeur de la publication : Richard Caron<br \/>Email de contact : <a href=\"mailto:communication@meogroup.eu\">communication@meogroup.eu<\/a><br \/>Adresse de contact :<br \/>MEOGROUP \u2013 Service Communication &amp; Marketing<br \/>Immeuble ILEO \u2013 27\/33 Quai Alphonse LE GALLO \u2013 92100 Boulogne-Billancourt<\/p>\n\t\t\t\t\t\t\t\t<\/div>\n\t\t\t\t<\/div>\n\t\t\t\t<div class=\"elementor-element elementor-element-795709f elementor-widget elementor-widget-heading\" data-id=\"795709f\" data-element_type=\"widget\" data-e-type=\"widget\" data-widget_type=\"heading.default\">\n\t\t\t\t<div class=\"elementor-widget-container\">\n\t\t\t\t\t<h2 class=\"elementor-heading-title elementor-size-default\">Juridiction<\/h2>\t\t\t\t<\/div>\n\t\t\t\t<\/div>\n\t\t\t\t<div class=\"elementor-element elementor-element-e81a2c4 elementor-widget elementor-widget-text-editor\" data-id=\"e81a2c4\" data-element_type=\"widget\" data-e-type=\"widget\" data-widget_type=\"text-editor.default\">\n\t\t\t\t<div class=\"elementor-widget-container\">\n\t\t\t\t\t\t\t\t\t<p>Notre site est soumis au droit fran\u00e7ais, aux juridictions fran\u00e7aises et qu\u2019il a pour langue officielle le fran\u00e7ais. Les relations \u00e9tablies entre MEOGROUP Luxembourg et l\u2019Utilisateur sont \u00e9galement r\u00e9gies par les normes et lois fran\u00e7aises en vigueur.<\/p>\n\t\t\t\t\t\t\t\t<\/div>\n\t\t\t\t<\/div>\n\t\t\t\t<div class=\"elementor-element elementor-element-66d904e elementor-widget elementor-widget-heading\" data-id=\"66d904e\" data-element_type=\"widget\" data-e-type=\"widget\" data-widget_type=\"heading.default\">\n\t\t\t\t<div class=\"elementor-widget-container\">\n\t\t\t\t\t<h2 class=\"elementor-heading-title elementor-size-default\">Propri\u00e9t\u00e9 intellectuelle<\/h2>\t\t\t\t<\/div>\n\t\t\t\t<\/div>\n\t\t\t\t<div class=\"elementor-element elementor-element-8624941 elementor-widget elementor-widget-text-editor\" data-id=\"8624941\" data-element_type=\"widget\" data-e-type=\"widget\" data-widget_type=\"text-editor.default\">\n\t\t\t\t<div class=\"elementor-widget-container\">\n\t\t\t\t\t\t\t\t\t<p>Notre site et chacun des \u00e9l\u00e9ments qui le composent (marques, graphismes, photographies, etc.) rel\u00e8vent de la l\u00e9gislation fran\u00e7aise, notamment celle relative au droit d\u2019auteur, aux bases de donn\u00e9es et \u00e0 la propri\u00e9t\u00e9 intellectuelle.<\/p>\n<p>Toutes les autres marques cit\u00e9es sont la propri\u00e9t\u00e9 de leurs titulaires respectifs. Toute reproduction, repr\u00e9sentation, publication, transmission, ou plus g\u00e9n\u00e9ralement toute exploitation non autoris\u00e9e de notre site et\/ou de ses \u00e9l\u00e9ments engage votre responsabilit\u00e9 et est susceptible d\u2019entra\u00eener des poursuites judiciaires, notamment pour contrefa\u00e7on.<\/p>\n<p>Par ailleurs, l\u2019Utilisateur s\u2019engage \u00e0 ne pas adresser ou transmettre des textes ou images contraires \u00e0 la loi ou susceptibles de choquer la sensibilit\u00e9, notamment par un contenu haineux, pornographique, ou incitatif \u00e0 des comportements du m\u00eame ordre. MEOGROUP Luxembourg se r\u00e9serve le droit de prendre toute mesure ou d\u2019engager toute action estim\u00e9e n\u00e9cessaire au cas o\u00f9 son site serait utilis\u00e9 pour diffuser des \u00e9l\u00e9ments de cette nature.<\/p>\n\t\t\t\t\t\t\t\t<\/div>\n\t\t\t\t<\/div>\n\t\t\t\t<div class=\"elementor-element elementor-element-25c3928 elementor-widget elementor-widget-heading\" data-id=\"25c3928\" data-element_type=\"widget\" data-e-type=\"widget\" data-widget_type=\"heading.default\">\n\t\t\t\t<div class=\"elementor-widget-container\">\n\t\t\t\t\t<h2 class=\"elementor-heading-title elementor-size-default\">Responsabilit\u00e9<\/h2>\t\t\t\t<\/div>\n\t\t\t\t<\/div>\n\t\t\t\t<div class=\"elementor-element elementor-element-cc1d69b elementor-widget elementor-widget-text-editor\" data-id=\"cc1d69b\" data-element_type=\"widget\" data-e-type=\"widget\" data-widget_type=\"text-editor.default\">\n\t\t\t\t<div class=\"elementor-widget-container\">\n\t\t\t\t\t\t\t\t\t<p>Notre site peut contenir des liens vers d\u2019autres sites que nous n\u2019exploitons pas. MEOGROUP Luxembourg ne peut supporter aucune responsabilit\u00e9 quant au contenu, publicit\u00e9s, produits, services ou tout autre mat\u00e9riel disponible sur ou \u00e0 partir de ces sites ou sources externes qui ne sont ni v\u00e9rifi\u00e9es ni approuv\u00e9es par nos \u00e9quipes.<\/p>\n<p>Nous nous engageons \u00e0 assurer nos meilleurs efforts pour offrir des informations actualis\u00e9es et exactes. Cependant, nous ne saurions \u00eatre tenus pour responsables d\u2019erreurs, d\u2019omissions ou des r\u00e9sultats qui pourraient \u00eatre obtenus par un mauvais usage de ces informations. Nous nous r\u00e9servons le droit de les corriger, d\u00e8s que ces erreurs sont port\u00e9es \u00e0 notre connaissance.<\/p>\n<p>Le t\u00e9l\u00e9chargement de tout mat\u00e9riel lors de l\u2019utilisation du service est \u00e0 vos risques et p\u00e9rils. L\u2019Utilisateur sera seul responsable pour tout dommage subi par son ordinateur ou toutes pertes de donn\u00e9es cons\u00e9cutives \u00e0 ce t\u00e9l\u00e9chargement. Plus g\u00e9n\u00e9ralement, MEOGROUP Luxembourg ne pourra en aucun cas \u00eatre responsable en cas de dommages directs et\/ou indirects r\u00e9sultant de l\u2019utilisation de ce site.<\/p>\n\t\t\t\t\t\t\t\t<\/div>\n\t\t\t\t<\/div>\n\t\t\t\t<div class=\"elementor-element elementor-element-aa0bb15 elementor-widget elementor-widget-heading\" data-id=\"aa0bb15\" data-element_type=\"widget\" data-e-type=\"widget\" data-widget_type=\"heading.default\">\n\t\t\t\t<div class=\"elementor-widget-container\">\n\t\t\t\t\t<h2 class=\"elementor-heading-title elementor-size-default\">Politique de gestion des cookies<\/h2>\t\t\t\t<\/div>\n\t\t\t\t<\/div>\n\t\t\t\t<div class=\"elementor-element elementor-element-2c45185 elementor-widget elementor-widget-text-editor\" data-id=\"2c45185\" data-element_type=\"widget\" data-e-type=\"widget\" data-widget_type=\"text-editor.default\">\n\t\t\t\t<div class=\"elementor-widget-container\">\n\t\t\t\t\t\t\t\t\t<p>Les cookies sont des petits fichiers texte plac\u00e9s et stock\u00e9s sur un ordinateur ou un smartphone \u00e0 partir duquel un utilisateur visite un site. Ces cookies enregistrent certaines informations, sous r\u00e9serve que l\u2019Utilisateur les ait accept\u00e9s.<\/p>\n<p>MEOGROUP Luxembourg utilise principalement des cookies pour :<\/p>\n<ul>\n<li>\u00c9tablir des statistiques et analyser les performances de notre site,<\/li>\n<li>M\u00e9moriser les pr\u00e9f\u00e9rences et les param\u00e8tres de l\u2019Utilisateur.<\/li>\n<\/ul>\n<p>Pour en savoir plus, rendez-vous dans notre section \u00ab Politique de gestion des cookies \u00bb.<\/p>\n\t\t\t\t\t\t\t\t<\/div>\n\t\t\t\t<\/div>\n\t\t\t\t<div class=\"elementor-element elementor-element-6931fa8 elementor-widget elementor-widget-heading\" data-id=\"6931fa8\" data-element_type=\"widget\" data-e-type=\"widget\" data-widget_type=\"heading.default\">\n\t\t\t\t<div class=\"elementor-widget-container\">\n\t\t\t\t\t<h2 class=\"elementor-heading-title elementor-size-default\">Politique de protection des donn\u00e9es personnelles<\/h2>\t\t\t\t<\/div>\n\t\t\t\t<\/div>\n\t\t\t\t<div class=\"elementor-element elementor-element-e5fa716 elementor-widget elementor-widget-text-editor\" data-id=\"e5fa716\" data-element_type=\"widget\" data-e-type=\"widget\" data-widget_type=\"text-editor.default\">\n\t\t\t\t<div class=\"elementor-widget-container\">\n\t\t\t\t\t\t\t\t\t<p>Une donn\u00e9e personnelle est une information permettant d\u2019identifier directement ou indirectement une personne physique (par exemple, son nom, son num\u00e9ro de t\u00e9l\u00e9phone, sa photographie, sa date de naissance, sa commune de r\u00e9sidence, son empreinte digitale\u2026).<\/p>\n<p>Nous utilisons principalement vos donn\u00e9es personnelles pour :<\/p>\n<ul>\n<li>Recontacter l\u2019Utilisateur dans les meilleurs d\u00e9lais,<\/li>\n<li>Identifier des missions compatibles avec le profil de l\u2019Utilisateur dans le cas d\u2019une candidature.<\/li>\n<\/ul>\n<p>Pour en savoir plus, rendez-vous dans notre section \u00ab Politique de protection des donn\u00e9es personnelles \u00bb.<\/p>\n\t\t\t\t\t\t\t\t<\/div>\n\t\t\t\t<\/div>\n\t\t\t\t<div class=\"elementor-element elementor-element-4ffc0c9 elementor-widget elementor-widget-heading\" data-id=\"4ffc0c9\" data-element_type=\"widget\" data-e-type=\"widget\" data-widget_type=\"heading.default\">\n\t\t\t\t<div class=\"elementor-widget-container\">\n\t\t\t\t\t<h2 class=\"elementor-heading-title elementor-size-default\">H\u00e9bergement et s\u00e9curit\u00e9<\/h2>\t\t\t\t<\/div>\n\t\t\t\t<\/div>\n\t\t\t\t<div class=\"elementor-element elementor-element-7866ef7 elementor-widget elementor-widget-text-editor\" data-id=\"7866ef7\" data-element_type=\"widget\" data-e-type=\"widget\" data-widget_type=\"text-editor.default\">\n\t\t\t\t<div class=\"elementor-widget-container\">\n\t\t\t\t\t\t\t\t\t<p>Notre site est h\u00e9berg\u00e9 par la soci\u00e9t\u00e9 Infomaniak, sur des serveurs s\u00e9curis\u00e9s en Suisse :<br \/>Forme juridique : Soci\u00e9t\u00e9 Anonyme<br \/>Registre du commerce : CH-660.0.059.996-1 (canton de Gen\u00e8ve)<br \/>N\u00b0 TVA : CHE-103.167.648<\/p>\n<p>Si\u00e8ge social : Rue Eug\u00e8ne Marziano 25 \u2013 1227 Les Acacias (GE)<br \/>Nous faisons tout notre possible pour en assurer la protection. Toutefois, Internet \u00e9tant un syst\u00e8me ouvert, MEOGROUP Luxembourg ne peut garantir la s\u00e9curit\u00e9 des informations que l\u2019Utilisateur nous transmet via Internet et d\u00e9gage toute responsabilit\u00e9 en cas d\u2019utilisation ill\u00e9gitime ou frauduleuse par un tiers non autoris\u00e9.<\/p>\n\t\t\t\t\t\t\t\t<\/div>\n\t\t\t\t<\/div>\n\t\t\t\t<div class=\"elementor-element elementor-element-4a4aa7f elementor-widget elementor-widget-heading\" data-id=\"4a4aa7f\" data-element_type=\"widget\" data-e-type=\"widget\" data-widget_type=\"heading.default\">\n\t\t\t\t<div class=\"elementor-widget-container\">\n\t\t\t\t\t<h2 class=\"elementor-heading-title elementor-size-default\">Disponibilit\u00e9<\/h2>\t\t\t\t<\/div>\n\t\t\t\t<\/div>\n\t\t\t\t<div class=\"elementor-element elementor-element-f28ed77 elementor-widget elementor-widget-text-editor\" data-id=\"f28ed77\" data-element_type=\"widget\" data-e-type=\"widget\" data-widget_type=\"text-editor.default\">\n\t\t\t\t<div class=\"elementor-widget-container\">\n\t\t\t\t\t\t\t\t\t<p>MEOGROUP Luxembourg peut \u00e0 tout moment modifier ou interrompre temporairement ou de fa\u00e7on permanente tout ou partie du site pour effectuer des op\u00e9rations de maintenance et\/ou des am\u00e9liorations\/modifications.<\/p>\n\t\t\t\t\t\t\t\t<\/div>\n\t\t\t\t<\/div>\n\t\t\t\t<div class=\"elementor-element elementor-element-88f680c elementor-widget elementor-widget-heading\" data-id=\"88f680c\" data-element_type=\"widget\" data-e-type=\"widget\" data-widget_type=\"heading.default\">\n\t\t\t\t<div class=\"elementor-widget-container\">\n\t\t\t\t\t<h2 class=\"elementor-heading-title elementor-size-default\">Modification du pr\u00e9sent document<\/h2>\t\t\t\t<\/div>\n\t\t\t\t<\/div>\n\t\t\t\t<div class=\"elementor-element elementor-element-d8f41e6 elementor-widget elementor-widget-text-editor\" data-id=\"d8f41e6\" data-element_type=\"widget\" data-e-type=\"widget\" data-widget_type=\"text-editor.default\">\n\t\t\t\t<div class=\"elementor-widget-container\">\n\t\t\t\t\t\t\t\t\t<p>MEOGROUP Luxembourg est susceptible de modifier le pr\u00e9sent document. Dans ce cas, les modifications r\u00e9alis\u00e9es seront applicables d\u00e8s leur mise en ligne.<\/p>\n\t\t\t\t\t\t\t\t<\/div>\n\t\t\t\t<\/div>\n\t\t\t\t\t<\/div>\n\t\t\t\t<\/div>\n\t\t\t\t<\/div>\n\t\t","protected":false},"excerpt":{"rendered":"<p>Mentions l\u00e9gales Le pr\u00e9sent document constitue les conditions g\u00e9n\u00e9rales d\u2019utilisation du site accessible \u00e0 l\u2019adresse \u00ab https:\/\/meogroup.lu \u00bb (ci-apr\u00e8s d\u00e9nomm\u00e9 [&hellip;]<\/p>\n","protected":false},"author":1,"featured_media":0,"parent":0,"menu_order":0,"comment_status":"closed","ping_status":"closed","template":"","meta":{"_seopress_robots_primary_cat":"","_seopress_titles_title":"","_seopress_titles_desc":"","_seopress_robots_index":"yes","site-sidebar-layout":"no-sidebar","site-content-layout":"","ast-site-content-layout":"full-width-container","site-content-style":"default","site-sidebar-style":"default","ast-global-header-display":"","ast-banner-title-visibility":"","ast-main-header-display":"","ast-hfb-above-header-display":"","ast-hfb-below-header-display":"","ast-hfb-mobile-header-display":"","site-post-title":"disabled","ast-breadcrumbs-content":"","ast-featured-img":"disabled","footer-sml-layout":"","ast-disable-related-posts":"","theme-transparent-header-meta":"","adv-header-id-meta":"","stick-header-meta":"","header-above-stick-meta":"","header-main-stick-meta":"","header-below-stick-meta":"","astra-migrate-meta-layouts":"default","ast-page-background-enabled":"default","ast-page-background-meta":{"desktop":{"background-color":"var(--ast-global-color-5)","background-image":"","background-repeat":"repeat","background-position":"center center","background-size":"auto","background-attachment":"scroll","background-type":"","background-media":"","overlay-type":"","overlay-color":"","overlay-opacity":"","overlay-gradient":""},"tablet":{"background-color":"","background-image":"","background-repeat":"repeat","background-position":"center center","background-size":"auto","background-attachment":"scroll","background-type":"","background-media":"","overlay-type":"","overlay-color":"","overlay-opacity":"","overlay-gradient":""},"mobile":{"background-color":"","background-image":"","background-repeat":"repeat","background-position":"center center","background-size":"auto","background-attachment":"scroll","background-type":"","background-media":"","overlay-type":"","overlay-color":"","overlay-opacity":"","overlay-gradient":""}},"ast-content-background-meta":{"desktop":{"background-color":"var(--ast-global-color-4)","background-image":"","background-repeat":"repeat","background-position":"center center","background-size":"auto","background-attachment":"scroll","background-type":"","background-media":"","overlay-type":"","overlay-color":"","overlay-opacity":"","overlay-gradient":""},"tablet":{"background-color":"var(--ast-global-color-4)","background-image":"","background-repeat":"repeat","background-position":"center center","background-size":"auto","background-attachment":"scroll","background-type":"","background-media":"","overlay-type":"","overlay-color":"","overlay-opacity":"","overlay-gradient":""},"mobile":{"background-color":"var(--ast-global-color-4)","background-image":"","background-repeat":"repeat","background-position":"center center","background-size":"auto","background-attachment":"scroll","background-type":"","background-media":"","overlay-type":"","overlay-color":"","overlay-opacity":"","overlay-gradient":""}},"footnotes":""},"class_list":["post-584","page","type-page","status-publish","hentry"],"_links":{"self":[{"href":"https:\/\/meogroup.lu\/fr\/wp-json\/wp\/v2\/pages\/584","targetHints":{"allow":["GET"]}}],"collection":[{"href":"https:\/\/meogroup.lu\/fr\/wp-json\/wp\/v2\/pages"}],"about":[{"href":"https:\/\/meogroup.lu\/fr\/wp-json\/wp\/v2\/types\/page"}],"author":[{"embeddable":true,"href":"https:\/\/meogroup.lu\/fr\/wp-json\/wp\/v2\/users\/1"}],"replies":[{"embeddable":true,"href":"https:\/\/meogroup.lu\/fr\/wp-json\/wp\/v2\/comments?post=584"}],"version-history":[{"count":2,"href":"https:\/\/meogroup.lu\/fr\/wp-json\/wp\/v2\/pages\/584\/revisions"}],"predecessor-version":[{"id":825,"href":"https:\/\/meogroup.lu\/fr\/wp-json\/wp\/v2\/pages\/584\/revisions\/825"}],"wp:attachment":[{"href":"https:\/\/meogroup.lu\/fr\/wp-json\/wp\/v2\/media?parent=584"}],"curies":[{"name":"wp","href":"https:\/\/api.w.org\/{rel}","templated":true}]}}